{"id":15818,"date":"2025-04-09T11:31:57","date_gmt":"2025-04-09T11:31:57","guid":{"rendered":"https:\/\/lavara.in\/shriji\/?page_id=15818"},"modified":"2026-03-14T10:19:09","modified_gmt":"2026-03-14T10:19:09","slug":"privacy-policy-2","status":"publish","type":"page","link":"https:\/\/wishandbuy.com\/?page_id=15818","title":{"rendered":"Privacy Policy"},"content":{"rendered":"\t\t<div data-elementor-type=\"wp-page\" data-elementor-id=\"15818\" class=\"elementor elementor-15818\">\n\t\t\t\t<div class=\"elementor-element elementor-element-86158a0 e-con-full e-flex e-con e-parent\" data-id=\"86158a0\" data-element_type=\"container\" data-e-type=\"container\">\n\t\t\t\t<div class=\"elementor-element elementor-element-9ddf6d0 color-scheme-inherit text-left elementor-widget elementor-widget-text-editor\" data-id=\"9ddf6d0\" data-element_type=\"widget\" data-e-type=\"widget\" data-widget_type=\"text-editor.default\">\n\t\t\t\t<div class=\"elementor-widget-container\">\n\t\t\t\t\t\t\t\t\t<p data-start=\"244\" data-end=\"275\"><strong data-start=\"244\" data-end=\"261\">Last Updated:<\/strong> 02\/03\/2026<\/p><h2 data-start=\"277\" data-end=\"295\">1. Introduction<\/h2><p data-start=\"296\" data-end=\"496\">Welcome to <strong data-start=\"307\" data-end=\"321\">Wish &amp; Buy<\/strong>\u00a0<br data-start=\"342\" data-end=\"345\" \/>Your privacy is important to us. This Privacy Policy explains how we collect, use, disclose, and safeguard your information when you visit our website:<\/p><p data-start=\"498\" data-end=\"525\"><strong data-start=\"498\" data-end=\"525\"><a class=\"decorated-link\" href=\"https:\/\/wishandbuy.com\/\" target=\"_new\" rel=\"noopener\" data-start=\"500\" data-end=\"523\">https:\/\/wishandbuy.com\/<\/a><\/strong><\/p><p data-start=\"527\" data-end=\"601\">By using our website, you agree to the practices described in this policy.<\/p><hr data-start=\"603\" data-end=\"606\" \/><h2 data-start=\"608\" data-end=\"633\">2. Company Information<\/h2><p data-start=\"634\" data-end=\"728\"><strong data-start=\"634\" data-end=\"651\">Company Name:<\/strong> MB Narya<br data-start=\"660\" data-end=\"663\" \/><strong data-start=\"663\" data-end=\"685\">Registration Code:<\/strong> 305707413<br data-start=\"695\" data-end=\"698\" \/><strong data-start=\"698\" data-end=\"711\">VAT Code:<\/strong> LT100015882515<\/p><p data-start=\"730\" data-end=\"813\"><strong data-start=\"730\" data-end=\"753\">Registered Address:<\/strong><br data-start=\"753\" data-end=\"756\" \/>\u017diedo g. 2, Moluv\u0117n\u0173 k.<br data-start=\"779\" data-end=\"782\" \/>LT-21401 Trak\u0173 r.<br data-start=\"799\" data-end=\"802\" \/>Lithuania<\/p><p data-start=\"815\" data-end=\"881\"><strong data-start=\"815\" data-end=\"833\">Contact Email:<\/strong> <a class=\"decorated-link cursor-pointer\" rel=\"noopener\" data-start=\"834\" data-end=\"853\">info@wishandbuy.com<\/a><br data-start=\"853\" data-end=\"856\" \/><strong data-start=\"856\" data-end=\"866\">Phone:<\/strong> +370 620 52322<\/p><hr data-start=\"883\" data-end=\"886\" \/><h2 data-start=\"888\" data-end=\"916\">3. Information We Collect<\/h2><h3 data-start=\"918\" data-end=\"946\">3.1 Personal Information<\/h3><p data-start=\"947\" data-end=\"1023\">We may collect personal information that you voluntarily provide, including:<\/p><ul data-start=\"1025\" data-end=\"1185\"><li data-start=\"1025\" data-end=\"1038\"><p data-start=\"1027\" data-end=\"1038\">Full name<\/p><\/li><li data-start=\"1039\" data-end=\"1056\"><p data-start=\"1041\" data-end=\"1056\">Email address<\/p><\/li><li data-start=\"1057\" data-end=\"1073\"><p data-start=\"1059\" data-end=\"1073\">Phone number<\/p><\/li><li data-start=\"1074\" data-end=\"1106\"><p data-start=\"1076\" data-end=\"1106\">Billing and shipping address<\/p><\/li><li data-start=\"1107\" data-end=\"1169\"><p data-start=\"1109\" data-end=\"1169\">Payment details (processed securely via payment providers)<\/p><\/li><li data-start=\"1170\" data-end=\"1185\"><p data-start=\"1172\" data-end=\"1185\">Order history<\/p><\/li><\/ul><h3 data-start=\"1187\" data-end=\"1230\">3.2 Automatically Collected Information<\/h3><p data-start=\"1231\" data-end=\"1288\">When you visit our website, we may automatically collect:<\/p><ul data-start=\"1290\" data-end=\"1399\"><li data-start=\"1290\" data-end=\"1304\"><p data-start=\"1292\" data-end=\"1304\">IP address<\/p><\/li><li data-start=\"1305\" data-end=\"1333\"><p data-start=\"1307\" data-end=\"1333\">Browser type and version<\/p><\/li><li data-start=\"1334\" data-end=\"1356\"><p data-start=\"1336\" data-end=\"1356\">Device information<\/p><\/li><li data-start=\"1357\" data-end=\"1374\"><p data-start=\"1359\" data-end=\"1374\">Pages visited<\/p><\/li><li data-start=\"1375\" data-end=\"1399\"><p data-start=\"1377\" data-end=\"1399\">Cookies and usage data<\/p><\/li><\/ul><hr data-start=\"1401\" data-end=\"1404\" \/><h2 data-start=\"1406\" data-end=\"1439\">4. How We Use Your Information<\/h2><p data-start=\"1440\" data-end=\"1467\">We use your information to:<\/p><ul data-start=\"1469\" data-end=\"1713\"><li data-start=\"1469\" data-end=\"1499\"><p data-start=\"1471\" data-end=\"1499\">Process and deliver orders<\/p><\/li><li data-start=\"1500\" data-end=\"1528\"><p data-start=\"1502\" data-end=\"1528\">Provide customer support<\/p><\/li><li data-start=\"1529\" data-end=\"1560\"><p data-start=\"1531\" data-end=\"1560\">Manage payments and returns<\/p><\/li><li data-start=\"1561\" data-end=\"1594\"><p data-start=\"1563\" data-end=\"1594\">Improve website functionality<\/p><\/li><li data-start=\"1595\" data-end=\"1643\"><p data-start=\"1597\" data-end=\"1643\">Send order updates and service notifications<\/p><\/li><li data-start=\"1644\" data-end=\"1681\"><p data-start=\"1646\" data-end=\"1681\">Prevent fraud and ensure security<\/p><\/li><li data-start=\"1682\" data-end=\"1713\"><p data-start=\"1684\" data-end=\"1713\">Comply with legal obligations<\/p><\/li><\/ul><p data-start=\"1715\" data-end=\"1770\">With your consent, we may also send promotional emails.<\/p><hr data-start=\"1772\" data-end=\"1775\" \/><h2 data-start=\"1777\" data-end=\"1816\">5. Legal Basis for Processing (GDPR)<\/h2><p data-start=\"1817\" data-end=\"1899\">Under the <strong data-start=\"1827\" data-end=\"1872\">General Data Protection Regulation (GDPR)<\/strong>, we process data based on:<\/p><ul data-start=\"1901\" data-end=\"2047\"><li data-start=\"1901\" data-end=\"1945\"><p data-start=\"1903\" data-end=\"1945\">Contract performance (order fulfillment)<\/p><\/li><li data-start=\"1946\" data-end=\"1967\"><p data-start=\"1948\" data-end=\"1967\">Legal obligations<\/p><\/li><li data-start=\"1968\" data-end=\"2001\"><p data-start=\"1970\" data-end=\"2001\">Legitimate business interests<\/p><\/li><li data-start=\"2002\" data-end=\"2047\"><p data-start=\"2004\" data-end=\"2047\">Customer consent (marketing communications)<\/p><\/li><\/ul><hr data-start=\"2049\" data-end=\"2052\" \/><h2 data-start=\"2054\" data-end=\"2084\">6. Sharing Your Information<\/h2><p data-start=\"2085\" data-end=\"2123\">We do <strong data-start=\"2091\" data-end=\"2103\">not sell<\/strong> your personal data.<\/p><p data-start=\"2125\" data-end=\"2155\">We may share information with:<\/p><ul data-start=\"2157\" data-end=\"2303\"><li data-start=\"2157\" data-end=\"2189\"><p data-start=\"2159\" data-end=\"2189\">Payment processing providers<\/p><\/li><li data-start=\"2190\" data-end=\"2225\"><p data-start=\"2192\" data-end=\"2225\">Shipping and logistics partners<\/p><\/li><li data-start=\"2226\" data-end=\"2262\"><p data-start=\"2228\" data-end=\"2262\">IT and hosting service providers<\/p><\/li><li data-start=\"2263\" data-end=\"2303\"><p data-start=\"2265\" data-end=\"2303\">Legal authorities when required by law<\/p><\/li><\/ul><p data-start=\"2305\" data-end=\"2361\">All partners comply with GDPR data protection standards.<\/p><hr data-start=\"2363\" data-end=\"2366\" \/><h2 data-start=\"2368\" data-end=\"2391\">7. Payments Security<\/h2><p data-start=\"2392\" data-end=\"2543\">We ensure <strong data-start=\"2402\" data-end=\"2436\">100% secure payment processing<\/strong> through trusted third-party payment gateways. Payment details are encrypted and not stored on our servers.<\/p><hr data-start=\"2545\" data-end=\"2548\" \/><h2 data-start=\"2550\" data-end=\"2570\">8. Cookies Policy<\/h2><p data-start=\"2571\" data-end=\"2589\">We use cookies to:<\/p><ul data-start=\"2591\" data-end=\"2716\"><li data-start=\"2591\" data-end=\"2622\"><p data-start=\"2593\" data-end=\"2622\">Improve website performance<\/p><\/li><li data-start=\"2623\" data-end=\"2652\"><p data-start=\"2625\" data-end=\"2652\">Remember user preferences<\/p><\/li><li data-start=\"2653\" data-end=\"2685\"><p data-start=\"2655\" data-end=\"2685\">Analyze traffic and behavior<\/p><\/li><li data-start=\"2686\" data-end=\"2716\"><p data-start=\"2688\" data-end=\"2716\">Support marketing activities<\/p><\/li><\/ul><p data-start=\"2718\" data-end=\"2772\">You can disable cookies through your browser settings.<\/p><hr data-start=\"2774\" data-end=\"2777\" \/><h2 data-start=\"2779\" data-end=\"2799\">9. Data Retention<\/h2><p data-start=\"2800\" data-end=\"2850\">We retain personal data only as long as necessary:<\/p><ul data-start=\"2852\" data-end=\"2960\"><li data-start=\"2852\" data-end=\"2899\"><p data-start=\"2854\" data-end=\"2899\">For order fulfillment and legal obligations<\/p><\/li><li data-start=\"2900\" data-end=\"2933\"><p data-start=\"2902\" data-end=\"2933\">Accounting and tax compliance<\/p><\/li><li data-start=\"2934\" data-end=\"2960\"><p data-start=\"2936\" data-end=\"2960\">Customer service support<\/p><\/li><\/ul><p data-start=\"2962\" data-end=\"3020\">After this period, data is securely deleted or anonymized.<\/p><hr data-start=\"3022\" data-end=\"3025\" \/><h2 data-start=\"3027\" data-end=\"3052\">10. Your Rights (GDPR)<\/h2><p data-start=\"3053\" data-end=\"3090\">As an EU user, you have the right to:<\/p><ul data-start=\"3092\" data-end=\"3272\"><li data-start=\"3092\" data-end=\"3121\"><p data-start=\"3094\" data-end=\"3121\">Access your personal data<\/p><\/li><li data-start=\"3122\" data-end=\"3149\"><p data-start=\"3124\" data-end=\"3149\">Correct inaccurate data<\/p><\/li><li data-start=\"3150\" data-end=\"3196\"><p data-start=\"3152\" data-end=\"3196\">Request deletion (\u201cRight to be Forgotten\u201d)<\/p><\/li><li data-start=\"3197\" data-end=\"3220\"><p data-start=\"3199\" data-end=\"3220\">Restrict processing<\/p><\/li><li data-start=\"3221\" data-end=\"3241\"><p data-start=\"3223\" data-end=\"3241\">Data portability<\/p><\/li><li data-start=\"3242\" data-end=\"3272\"><p data-start=\"3244\" data-end=\"3272\">Withdraw consent at any time<\/p><\/li><\/ul><p data-start=\"3274\" data-end=\"3333\">To exercise your rights, contact:<br data-start=\"3307\" data-end=\"3310\" \/><strong data-start=\"3310\" data-end=\"3333\"><a class=\"decorated-link cursor-pointer\" rel=\"noopener\" data-start=\"3312\" data-end=\"3331\">info@wishandbuy.com<\/a><\/strong><\/p><hr data-start=\"3335\" data-end=\"3338\" \/><h2 data-start=\"3340\" data-end=\"3360\">11. Data Security<\/h2><p data-start=\"3361\" data-end=\"3441\">We implement technical and organizational measures to protect your data against:<\/p><ul data-start=\"3443\" data-end=\"3512\"><li data-start=\"3443\" data-end=\"3466\"><p data-start=\"3445\" data-end=\"3466\">Unauthorized access<\/p><\/li><li data-start=\"3467\" data-end=\"3485\"><p data-start=\"3469\" data-end=\"3485\">Loss or misuse<\/p><\/li><li data-start=\"3486\" data-end=\"3512\"><p data-start=\"3488\" data-end=\"3512\">Alteration or disclosure<\/p><\/li><\/ul><hr data-start=\"3514\" data-end=\"3517\" \/><h2 data-start=\"3519\" data-end=\"3543\">12. Third-Party Links<\/h2><p data-start=\"3544\" data-end=\"3650\">Our website may contain links to third-party websites. We are not responsible for their privacy practices.<\/p><hr data-start=\"3652\" data-end=\"3655\" \/><h2 data-start=\"3657\" data-end=\"3682\">13. Children\u2019s Privacy<\/h2><p data-start=\"3683\" data-end=\"3808\">Our services are not intended for individuals under 16 years of age. We do not knowingly collect personal data from children.<\/p><hr data-start=\"3810\" data-end=\"3813\" \/><h2 data-start=\"3815\" data-end=\"3852\">14. Changes to This Privacy Policy<\/h2><p data-start=\"3853\" data-end=\"3957\">We may update this Privacy Policy periodically. Updates will be posted on this page with a revised date.<\/p><hr data-start=\"3959\" data-end=\"3962\" \/><h2 data-start=\"3964\" data-end=\"3981\">15. Contact Us<\/h2><p data-start=\"3982\" data-end=\"4043\">If you have questions regarding this Privacy Policy, contact:<\/p><p data-start=\"4045\" data-end=\"4188\"><strong data-start=\"4045\" data-end=\"4070\">Wish &amp; Buy (MB Narya)<\/strong><br data-start=\"4070\" data-end=\"4073\" \/>Email: <a class=\"decorated-link cursor-pointer\" rel=\"noopener\" data-start=\"4080\" data-end=\"4099\">info@wishandbuy.com<\/a><br data-start=\"4099\" data-end=\"4102\" \/>Phone: +370 620 52322<br data-start=\"4123\" data-end=\"4126\" \/>Address: \u017diedo g. 2, Moluv\u0117n\u0173 k., LT-21401 Trak\u0173 r., Lithuania<\/p>\t\t\t\t\t\t\t\t<\/div>\n\t\t\t\t<\/div>\n\t\t\t\t<\/div>\n\t\t\t\t<\/div>\n\t\t","protected":false},"excerpt":{"rendered":"<p>Last Updated: 02\/03\/2026 1. Introduction Welcome to Wish &amp; Buy\u00a0Your privacy is important to us. This Privacy Policy explains how<\/p>\n","protected":false},"author":4,"featured_media":0,"parent":0,"menu_order":0,"comment_status":"closed","ping_status":"closed","template":"","meta":{"footnotes":""},"class_list":["post-15818","page","type-page","status-publish","hentry"],"_links":{"self":[{"href":"https:\/\/wishandbuy.com\/index.php?rest_route=\/wp\/v2\/pages\/15818","targetHints":{"allow":["GET"]}}],"collection":[{"href":"https:\/\/wishandbuy.com\/index.php?rest_route=\/wp\/v2\/pages"}],"about":[{"href":"https:\/\/wishandbuy.com\/index.php?rest_route=\/wp\/v2\/types\/page"}],"author":[{"embeddable":true,"href":"https:\/\/wishandbuy.com\/index.php?rest_route=\/wp\/v2\/users\/4"}],"replies":[{"embeddable":true,"href":"https:\/\/wishandbuy.com\/index.php?rest_route=%2Fwp%2Fv2%2Fcomments&post=15818"}],"version-history":[{"count":22,"href":"https:\/\/wishandbuy.com\/index.php?rest_route=\/wp\/v2\/pages\/15818\/revisions"}],"predecessor-version":[{"id":17997,"href":"https:\/\/wishandbuy.com\/index.php?rest_route=\/wp\/v2\/pages\/15818\/revisions\/17997"}],"wp:attachment":[{"href":"https:\/\/wishandbuy.com\/index.php?rest_route=%2Fwp%2Fv2%2Fmedia&parent=15818"}],"curies":[{"name":"wp","href":"https:\/\/api.w.org\/{rel}","templated":true}]}}