{"id":17146,"date":"2025-06-06T06:24:17","date_gmt":"2025-06-06T06:24:17","guid":{"rendered":"https:\/\/indologistics.co\/wishandbuy\/?post_type=product&#038;p=17146"},"modified":"2025-06-06T09:09:46","modified_gmt":"2025-06-06T09:09:46","slug":"meditation-for-busy-people","status":"publish","type":"product","link":"https:\/\/wishandbuy.com\/?product=meditation-for-busy-people","title":{"rendered":"Meditation for Busy People"},"content":{"rendered":"<ul>\n<li>Originalus pavadinimas:\u00a0Meditation for Busy People<\/li>\n<li>Autorius:\u00a0<a href=\"https:\/\/www.knygos.lt\/lt\/knygos\/autorius\/osho\/\" target=\"_blank\" rel=\"noopener noreferrer\" data-saferedirecturl=\"https:\/\/www.google.com\/url?q=https:\/\/www.knygos.lt\/lt\/knygos\/autorius\/osho\/&amp;source=gmail&amp;ust=1661679026360000&amp;usg=AOvVaw1G5Cw507gvlEq6-ivL6Jhn\">Osho<\/a><\/li>\n<li>Leid\u0117jas:\u00a0<a href=\"https:\/\/www.knygos.lt\/lt\/knygos\/leidejas\/meiles--kelias\/\" target=\"_blank\" rel=\"noopener noreferrer\" data-saferedirecturl=\"https:\/\/www.google.com\/url?q=https:\/\/www.knygos.lt\/lt\/knygos\/leidejas\/meiles--kelias\/&amp;source=gmail&amp;ust=1661679026360000&amp;usg=AOvVaw0FAN4URHtaCguOgZwrocEP\">Meil\u0117s kelias<\/a><\/li>\n<li>Metai:\u00a02019<\/li>\n<li>Puslapiai:\u00a0166<\/li>\n<li>ISBN:\u00a09786098054101<\/li>\n<li>Formatas:\u00a014 x 21 x 1 cm, mink\u0161ti vir\u0161eliai<\/li>\n<li>Kalba:\u00a0Lietuvi\u0173<\/li>\n<li>Vert\u0117jas: Valentinas Kulini\u010d Kaina 9 eur<\/li>\n<\/ul>\n<p>&nbsp;<\/p>\n<p>&nbsp;<\/p>\n<p>&nbsp;<\/p>\n<p><strong>\u201eMeditacija u\u017eimtiesiems \u017emon\u0117ms\u201c<\/strong>\u00a0\u2013 tai paprastos \u012ftampos numal\u0161inimo, chroni\u0161ko streso suma\u017einimo, greito atsipalaidavimo ir nusiraminimo strategijos. Niekam kitam taip nereikia medituoti kaip tiems, kurie neturi laiko medituoti. \u0160ie u\u017eimti \u017emon\u0117s galb\u016bt band\u0117 medituoti, bet met\u0117, nes susieti meditacij\u0105 su kar\u0161tligi\u0161ku gyvenimo b\u016bdu yra be galo sunku. Dauguma tradicini\u0173 meditacijos technik\u0173 sukurtos prie\u0161 t\u016bkstan\u010dius met\u0173 \u017emon\u0117ms, kuri\u0173 gyvenimo b\u016bdas buvo visai kitoks negu \u0161iandien. Nedaugeliui \u0161iandien yra paprasta tiesiog atsis\u0117sti ir atsipalaiduoti.<\/p>\n<p><strong>\u00a0\u201eMeditacija u\u017eimtiesiems \u017emon\u0117ms\u201c<\/strong>\u00a0kupina metod\u0173, kuriuos tikrai galima \u012ftraukti \u012f kasdien\u012f gyvenim\u0105. Va\u017eiavimas \u012f darb\u0105 i\u0161 ryto tampa centravimosi pratimu, o gatv\u0117s triuk\u0161mas u\u017e buto lang\u0173 ne bla\u0161ko, o padeda rasti tyli\u0105 erdv\u0119 viduje. Apra\u0161ytos ir aktyviosios, ir pasyviosios meditacijos, o vis\u0173 technik\u0173 tikslas \u2013 i\u0161mokyti praktikuojant\u012fj\u012f rasti ramyb\u0119 kasdienio gyvenimo audroje. Daugelis metod\u0173 specialiai sukurti tam, kad b\u016bt\u0173 \u012ftraukti \u012f skaitytojo kasdien\u0119 veikl\u0105, kad netrukus net beproti\u0161kiausios dienos b\u016bt\u0173 \u012fveikiamos su atsipalaidavimo ramybe ir \u017eaismingumu.<\/p>\n","protected":false},"excerpt":{"rendered":"<p>Original title:\u00a0Meditation for Busy People<\/p>\n<ul>\n<li>Author:\u00a0<a href=\"https:\/\/www.knygos.lt\/lt\/knygos\/autorius\/osho\/\" target=\"_blank\" rel=\"noopener\">Osho<\/a><\/li>\n<li>Publisher:\u00a0<a href=\"https:\/\/www.knygos.lt\/lt\/knygos\/leidejas\/meiles--kelias\/\" target=\"_blank\" rel=\"noopener\">The Way of Love<\/a><\/li>\n<li>Year:\u00a02019<\/li>\n<li>Pages:\u00a0166<\/li>\n<li>ISBN:\u00a09786098054101<\/li>\n<li>Format:\u00a014 x 21 x 1 cm, paperback<\/li>\n<li>Language:\u00a0Lithuanian<\/li>\n<li>Translator:\u00a0Valentinas Kulini\u010d<\/li>\n<\/ul>\n","protected":false},"featured_media":17250,"comment_status":"open","ping_status":"closed","template":"","meta":[],"product_brand":[],"product_cat":[185],"product_tag":[],"class_list":{"0":"post-17146","1":"product","2":"type-product","3":"status-publish","4":"has-post-thumbnail","6":"product_cat-books","8":"first","9":"instock","10":"shipping-taxable","11":"purchasable","12":"product-type-simple"},"_links":{"self":[{"href":"https:\/\/wishandbuy.com\/index.php?rest_route=\/wp\/v2\/product\/17146","targetHints":{"allow":["GET"]}}],"collection":[{"href":"https:\/\/wishandbuy.com\/index.php?rest_route=\/wp\/v2\/product"}],"about":[{"href":"https:\/\/wishandbuy.com\/index.php?rest_route=\/wp\/v2\/types\/product"}],"replies":[{"embeddable":true,"href":"https:\/\/wishandbuy.com\/index.php?rest_route=%2Fwp%2Fv2%2Fcomments&post=17146"}],"version-history":[{"count":1,"href":"https:\/\/wishandbuy.com\/index.php?rest_route=\/wp\/v2\/product\/17146\/revisions"}],"predecessor-version":[{"id":17163,"href":"https:\/\/wishandbuy.com\/index.php?rest_route=\/wp\/v2\/product\/17146\/revisions\/17163"}],"wp:featuredmedia":[{"embeddable":true,"href":"https:\/\/wishandbuy.com\/index.php?rest_route=\/wp\/v2\/media\/17250"}],"wp:attachment":[{"href":"https:\/\/wishandbuy.com\/index.php?rest_route=%2Fwp%2Fv2%2Fmedia&parent=17146"}],"wp:term":[{"taxonomy":"product_brand","embeddable":true,"href":"https:\/\/wishandbuy.com\/index.php?rest_route=%2Fwp%2Fv2%2Fproduct_brand&post=17146"},{"taxonomy":"product_cat","embeddable":true,"href":"https:\/\/wishandbuy.com\/index.php?rest_route=%2Fwp%2Fv2%2Fproduct_cat&post=17146"},{"taxonomy":"product_tag","embeddable":true,"href":"https:\/\/wishandbuy.com\/index.php?rest_route=%2Fwp%2Fv2%2Fproduct_tag&post=17146"}],"curies":[{"name":"wp","href":"https:\/\/api.w.org\/{rel}","templated":true}]}}