{"id":17147,"date":"2025-06-06T06:24:17","date_gmt":"2025-06-06T06:24:17","guid":{"rendered":"https:\/\/indologistics.co\/wishandbuy\/?post_type=product&#038;p=17147"},"modified":"2025-06-06T09:02:44","modified_gmt":"2025-06-06T09:02:44","slug":"kabalos-ir-astrologijos-gidas","status":"publish","type":"product","link":"https:\/\/wishandbuy.com\/?product=kabalos-ir-astrologijos-gidas","title":{"rendered":"Kabalos ir astrologijos gidas"},"content":{"rendered":"<ul>\n<li>Autorius:\u00a0<a href=\"https:\/\/www.knygos.lt\/lt\/knygos\/autorius\/gahl-eden-sasson\/\" target=\"_blank\" rel=\"noopener noreferrer\" data-saferedirecturl=\"https:\/\/www.google.com\/url?q=https:\/\/www.knygos.lt\/lt\/knygos\/autorius\/gahl-eden-sasson\/&amp;source=gmail&amp;ust=1661679026379000&amp;usg=AOvVaw09p7wA-iIYvR7fzV-xEtJE\">Gahl Eden Sasson<\/a><\/li>\n<li>Leid\u0117jas:\u00a0<a href=\"https:\/\/www.knygos.lt\/lt\/knygos\/leidejas\/meiles--kelias\/\" target=\"_blank\" rel=\"noopener noreferrer\" data-saferedirecturl=\"https:\/\/www.google.com\/url?q=https:\/\/www.knygos.lt\/lt\/knygos\/leidejas\/meiles--kelias\/&amp;source=gmail&amp;ust=1661679026379000&amp;usg=AOvVaw2vdToAnunGCw_4ExeGoPFg\">Meil\u0117s kelias<\/a><\/li>\n<li>Metai:\u00a02012<\/li>\n<li>Puslapiai:\u00a0340<\/li>\n<li>ISBN:\u00a09786098054026<\/li>\n<li>Formatas:\u00a017 x 23 cm, mink\u0161ti vir\u0161eliai<\/li>\n<li>Kalba:\u00a0Lietuvi\u0173<\/li>\n<li>Vert\u0117jas: Irma \u0160lekyt\u0117 Kaina 11 eur<\/li>\n<\/ul>\n<p>&nbsp;<\/p>\n<p><strong>\u201eKabalos ir astrologijos gidas\u201c<\/strong> yra visi\u0161kai naujo tipo knyga apie astrologij\u0105 &#8211; joje nesenstan\u010dios astrologin\u0117s \u017einios apie \u017emogaus asmenyb\u0119 susijungia su gilesne, pirmaprade kabalos i\u0161mintimi.<br \/>\n&#8211; Ar esu susaistytas su astrologiniu likimu, ar galiu keisti?<br \/>\n&#8211; Kokia gyvenimo prasm\u0117?<br \/>\n&#8211; Kada sutiksiu savo sielos draug\u0105?<br \/>\n&#8211; Kas man nutiks po mirties?<\/p>\n<p>\u0160i knyga pateikia atsakymus \u012f \u0161iuos ir daugel\u012f kit\u0173 klausim\u0173, \u010dia suteikiama galimyb\u0117 su\u017einoti, kod\u0117l esate toks, koks esate, ir kaip naudotis galingais auk\u0161\u010diau min\u0117t\u0173 dvasini\u0173 tradicij\u0173 teikiamais \u012frankiais norint susikurti tiksl\u0105, ramyb\u0119 ir tok\u012f gyvenim\u0105, kokio norisi.<\/p>\n","protected":false},"excerpt":{"rendered":"<ul>\n<li>Author:\u00a0<a href=\"https:\/\/www.knygos.lt\/lt\/knygos\/autorius\/gahl-eden-sasson\/\" target=\"_blank\" rel=\"noopener\">Gahl Eden Sasson<\/a><\/li>\n<li>Publisher:\u00a0<a href=\"https:\/\/www.knygos.lt\/lt\/knygos\/leidejas\/meiles--kelias\/\" target=\"_blank\" rel=\"noopener\">The Way of Love<\/a><\/li>\n<li>Year:\u00a02012<\/li>\n<li>Pages:\u00a0340<\/li>\n<li>ISBN:\u00a09786098054026<\/li>\n<li>Format:\u00a017 x 23 cm, paperback<\/li>\n<li>Language:\u00a0Lithuanian<\/li>\n<li>Translator:\u00a0Irma \u0160lekyt\u0117<\/li>\n<\/ul>\n","protected":false},"featured_media":17246,"comment_status":"open","ping_status":"closed","template":"","meta":[],"product_brand":[],"product_cat":[185],"product_tag":[],"class_list":{"0":"post-17147","1":"product","2":"type-product","3":"status-publish","4":"has-post-thumbnail","6":"product_cat-books","8":"first","9":"instock","10":"shipping-taxable","11":"purchasable","12":"product-type-simple"},"_links":{"self":[{"href":"https:\/\/wishandbuy.com\/index.php?rest_route=\/wp\/v2\/product\/17147","targetHints":{"allow":["GET"]}}],"collection":[{"href":"https:\/\/wishandbuy.com\/index.php?rest_route=\/wp\/v2\/product"}],"about":[{"href":"https:\/\/wishandbuy.com\/index.php?rest_route=\/wp\/v2\/types\/product"}],"replies":[{"embeddable":true,"href":"https:\/\/wishandbuy.com\/index.php?rest_route=%2Fwp%2Fv2%2Fcomments&post=17147"}],"version-history":[{"count":1,"href":"https:\/\/wishandbuy.com\/index.php?rest_route=\/wp\/v2\/product\/17147\/revisions"}],"predecessor-version":[{"id":17165,"href":"https:\/\/wishandbuy.com\/index.php?rest_route=\/wp\/v2\/product\/17147\/revisions\/17165"}],"wp:featuredmedia":[{"embeddable":true,"href":"https:\/\/wishandbuy.com\/index.php?rest_route=\/wp\/v2\/media\/17246"}],"wp:attachment":[{"href":"https:\/\/wishandbuy.com\/index.php?rest_route=%2Fwp%2Fv2%2Fmedia&parent=17147"}],"wp:term":[{"taxonomy":"product_brand","embeddable":true,"href":"https:\/\/wishandbuy.com\/index.php?rest_route=%2Fwp%2Fv2%2Fproduct_brand&post=17147"},{"taxonomy":"product_cat","embeddable":true,"href":"https:\/\/wishandbuy.com\/index.php?rest_route=%2Fwp%2Fv2%2Fproduct_cat&post=17147"},{"taxonomy":"product_tag","embeddable":true,"href":"https:\/\/wishandbuy.com\/index.php?rest_route=%2Fwp%2Fv2%2Fproduct_tag&post=17147"}],"curies":[{"name":"wp","href":"https:\/\/api.w.org\/{rel}","templated":true}]}}