{"id":17152,"date":"2025-06-06T06:24:18","date_gmt":"2025-06-06T06:24:18","guid":{"rendered":"https:\/\/indologistics.co\/wishandbuy\/?post_type=product&#038;p=17152"},"modified":"2025-06-06T09:20:42","modified_gmt":"2025-06-06T09:20:42","slug":"samoningumas-naujo-gyvenimo-budo-izvalgos","status":"publish","type":"product","link":"https:\/\/wishandbuy.com\/?product=samoningumas-naujo-gyvenimo-budo-izvalgos","title":{"rendered":"S\u0105moningumas. Naujo gyvenimo b\u016bdo \u012f\u017evalgos"},"content":{"rendered":"<p>In this book Osho teaches us to live more attentively, alertly and thoughtfully, with love, compassion and understanding.<\/p>\n<p>Osho urges people to recognize and abandon the system of beliefs and superstitions that have been imposed on them, as it limits their opportunities and impoverishes their lives.<\/p>\n<p>The Sunday Times of London called him &#8220;one of a thousand creators of the 20th century&#8221; and India&#8217;s Sunday Mid-Day called him &#8220;one of the ten men who changed India&#8217;s destiny&#8221;.<\/p>\n<p>Now, more than two decades have passed since Osho&#8217;s death (1990), the influence of his teaching continues to expand, it is studied by seekers of all ages in virtually all countries of the world.<\/p>\n","protected":false},"excerpt":{"rendered":"<ul>\n<li>Author:\u00a0Osho<\/li>\n<li>Publisher:\u00a0<a href=\"https:\/\/www.knygos.lt\/lt\/knygos\/leidejas\/meiles--kelias\/\" target=\"_blank\" rel=\"noopener\">The Way of Love<\/a><\/li>\n<li>Year:\u00a02012<\/li>\n<li>Pages:\u00a0208<\/li>\n<li>ISBN:\u00a09786098054057<\/li>\n<li>Version code:\u00a0PT.<\/li>\n<li>Format:\u00a014.5 x 21 cm, paperback<\/li>\n<li>Language:\u00a0Lithuanian<\/li>\n<li>Translator:\u00a0Algirdas Kugevi\u010dius<\/li>\n<\/ul>\n","protected":false},"featured_media":17257,"comment_status":"open","ping_status":"closed","template":"","meta":[],"product_brand":[],"product_cat":[185],"product_tag":[],"class_list":{"0":"post-17152","1":"product","2":"type-product","3":"status-publish","4":"has-post-thumbnail","6":"product_cat-books","8":"first","9":"instock","10":"shipping-taxable","11":"purchasable","12":"product-type-simple"},"_links":{"self":[{"href":"https:\/\/wishandbuy.com\/index.php?rest_route=\/wp\/v2\/product\/17152","targetHints":{"allow":["GET"]}}],"collection":[{"href":"https:\/\/wishandbuy.com\/index.php?rest_route=\/wp\/v2\/product"}],"about":[{"href":"https:\/\/wishandbuy.com\/index.php?rest_route=\/wp\/v2\/types\/product"}],"replies":[{"embeddable":true,"href":"https:\/\/wishandbuy.com\/index.php?rest_route=%2Fwp%2Fv2%2Fcomments&post=17152"}],"version-history":[{"count":1,"href":"https:\/\/wishandbuy.com\/index.php?rest_route=\/wp\/v2\/product\/17152\/revisions"}],"predecessor-version":[{"id":17178,"href":"https:\/\/wishandbuy.com\/index.php?rest_route=\/wp\/v2\/product\/17152\/revisions\/17178"}],"wp:featuredmedia":[{"embeddable":true,"href":"https:\/\/wishandbuy.com\/index.php?rest_route=\/wp\/v2\/media\/17257"}],"wp:attachment":[{"href":"https:\/\/wishandbuy.com\/index.php?rest_route=%2Fwp%2Fv2%2Fmedia&parent=17152"}],"wp:term":[{"taxonomy":"product_brand","embeddable":true,"href":"https:\/\/wishandbuy.com\/index.php?rest_route=%2Fwp%2Fv2%2Fproduct_brand&post=17152"},{"taxonomy":"product_cat","embeddable":true,"href":"https:\/\/wishandbuy.com\/index.php?rest_route=%2Fwp%2Fv2%2Fproduct_cat&post=17152"},{"taxonomy":"product_tag","embeddable":true,"href":"https:\/\/wishandbuy.com\/index.php?rest_route=%2Fwp%2Fv2%2Fproduct_tag&post=17152"}],"curies":[{"name":"wp","href":"https:\/\/api.w.org\/{rel}","templated":true}]}}