{"id":17155,"date":"2025-06-06T06:24:18","date_gmt":"2025-06-06T06:24:18","guid":{"rendered":"https:\/\/indologistics.co\/wishandbuy\/?post_type=product&#038;p=17155"},"modified":"2025-06-06T08:56:29","modified_gmt":"2025-06-06T08:56:29","slug":"dziaugsmas-laime-kylanti-is-vidaus","status":"publish","type":"product","link":"https:\/\/wishandbuy.com\/?product=dziaugsmas-laime-kylanti-is-vidaus","title":{"rendered":"D\u017dIAUGSMAS. Laim\u0117 kylanti i\u0161 vidaus"},"content":{"rendered":"<p>In JOY: HAPPINESS FROM WITHIN, OSHO examines the nature of joy from a radically new point of view. Using a masterful combination of compassion and humor, OSHO reveals to us that joy is the essence of life, that even sadness has its roots in joy. OSHO encourages us to embrace joy with gratitude for life and its challenges, instead of setting conditions by demanding happiness. By accepting joy, a person gets closer to an authentic, peaceful and harmonious state.<\/p>\n","protected":false},"excerpt":{"rendered":"<ul>\n<li>Publisher:\u00a0The Way of Love<\/li>\n<li>By\u00a0OSHO<\/li>\n<li>Information<\/li>\n<li>Year\u00a02017<\/li>\n<li>Pages\u00a0172<\/li>\n<li>Publishing House\u00a0The Way of Love<\/li>\n<li>ISBN\u00a09786098054088<\/li>\n<\/ul>\n","protected":false},"featured_media":17242,"comment_status":"open","ping_status":"closed","template":"","meta":[],"product_brand":[],"product_cat":[185],"product_tag":[],"class_list":{"0":"post-17155","1":"product","2":"type-product","3":"status-publish","4":"has-post-thumbnail","6":"product_cat-books","8":"first","9":"instock","10":"shipping-taxable","11":"purchasable","12":"product-type-simple"},"_links":{"self":[{"href":"https:\/\/wishandbuy.com\/index.php?rest_route=\/wp\/v2\/product\/17155","targetHints":{"allow":["GET"]}}],"collection":[{"href":"https:\/\/wishandbuy.com\/index.php?rest_route=\/wp\/v2\/product"}],"about":[{"href":"https:\/\/wishandbuy.com\/index.php?rest_route=\/wp\/v2\/types\/product"}],"replies":[{"embeddable":true,"href":"https:\/\/wishandbuy.com\/index.php?rest_route=%2Fwp%2Fv2%2Fcomments&post=17155"}],"version-history":[{"count":1,"href":"https:\/\/wishandbuy.com\/index.php?rest_route=\/wp\/v2\/product\/17155\/revisions"}],"predecessor-version":[{"id":17185,"href":"https:\/\/wishandbuy.com\/index.php?rest_route=\/wp\/v2\/product\/17155\/revisions\/17185"}],"wp:featuredmedia":[{"embeddable":true,"href":"https:\/\/wishandbuy.com\/index.php?rest_route=\/wp\/v2\/media\/17242"}],"wp:attachment":[{"href":"https:\/\/wishandbuy.com\/index.php?rest_route=%2Fwp%2Fv2%2Fmedia&parent=17155"}],"wp:term":[{"taxonomy":"product_brand","embeddable":true,"href":"https:\/\/wishandbuy.com\/index.php?rest_route=%2Fwp%2Fv2%2Fproduct_brand&post=17155"},{"taxonomy":"product_cat","embeddable":true,"href":"https:\/\/wishandbuy.com\/index.php?rest_route=%2Fwp%2Fv2%2Fproduct_cat&post=17155"},{"taxonomy":"product_tag","embeddable":true,"href":"https:\/\/wishandbuy.com\/index.php?rest_route=%2Fwp%2Fv2%2Fproduct_tag&post=17155"}],"curies":[{"name":"wp","href":"https:\/\/api.w.org\/{rel}","templated":true}]}}