{"id":17156,"date":"2025-06-06T06:24:18","date_gmt":"2025-06-06T06:24:18","guid":{"rendered":"https:\/\/indologistics.co\/wishandbuy\/?post_type=product&#038;p=17156"},"modified":"2025-10-03T07:49:45","modified_gmt":"2025-10-03T07:49:45","slug":"laime-kuri-islieka-kur-nuveda-seimos-konsteliacija","status":"publish","type":"product","link":"https:\/\/wishandbuy.com\/?product=laime-kuri-islieka-kur-nuveda-seimos-konsteliacija","title":{"rendered":"Laim\u0117, kuri i\u0161lieka. Kur nuveda \u0161eimos konsteliacija"},"content":{"rendered":"<p>The book talks simply and clearly about the most profound and universal laws operating in our lives, about what happens when these laws are violated, and how to regain lost balance, peace and happiness. The family constellation (another name for this method is family system arrangement) is presented here not only as an effective method of family and personal therapy, but also as a spiritual path leading to the very depth, space of harmony and all-encompassing Love<\/p>\n","protected":false},"excerpt":{"rendered":"<ul>\n<li>Author:\u00a0Bert Hellinger<\/li>\n<li>Publisher:\u00a0The Way of Love<\/li>\n<li>Year:\u00a02016<\/li>\n<li>Pages:\u00a0118<\/li>\n<li>ISBN:\u00a09789955958574<\/li>\n<li>Version code:\u00a0PT.<\/li>\n<li>Format:\u00a016 x 16 x 1 cm, hardcover<\/li>\n<li>Translator:\u00a0Dalia Sabeckien\u0117<\/li>\n<\/ul>\n","protected":false},"featured_media":17249,"comment_status":"open","ping_status":"closed","template":"","meta":[],"product_brand":[],"product_cat":[185],"product_tag":[],"class_list":{"0":"post-17156","1":"product","2":"type-product","3":"status-publish","4":"has-post-thumbnail","6":"product_cat-books","8":"first","9":"instock","10":"shipping-taxable","11":"purchasable","12":"product-type-simple"},"_links":{"self":[{"href":"https:\/\/wishandbuy.com\/index.php?rest_route=\/wp\/v2\/product\/17156","targetHints":{"allow":["GET"]}}],"collection":[{"href":"https:\/\/wishandbuy.com\/index.php?rest_route=\/wp\/v2\/product"}],"about":[{"href":"https:\/\/wishandbuy.com\/index.php?rest_route=\/wp\/v2\/types\/product"}],"replies":[{"embeddable":true,"href":"https:\/\/wishandbuy.com\/index.php?rest_route=%2Fwp%2Fv2%2Fcomments&post=17156"}],"version-history":[{"count":1,"href":"https:\/\/wishandbuy.com\/index.php?rest_route=\/wp\/v2\/product\/17156\/revisions"}],"predecessor-version":[{"id":17187,"href":"https:\/\/wishandbuy.com\/index.php?rest_route=\/wp\/v2\/product\/17156\/revisions\/17187"}],"wp:featuredmedia":[{"embeddable":true,"href":"https:\/\/wishandbuy.com\/index.php?rest_route=\/wp\/v2\/media\/17249"}],"wp:attachment":[{"href":"https:\/\/wishandbuy.com\/index.php?rest_route=%2Fwp%2Fv2%2Fmedia&parent=17156"}],"wp:term":[{"taxonomy":"product_brand","embeddable":true,"href":"https:\/\/wishandbuy.com\/index.php?rest_route=%2Fwp%2Fv2%2Fproduct_brand&post=17156"},{"taxonomy":"product_cat","embeddable":true,"href":"https:\/\/wishandbuy.com\/index.php?rest_route=%2Fwp%2Fv2%2Fproduct_cat&post=17156"},{"taxonomy":"product_tag","embeddable":true,"href":"https:\/\/wishandbuy.com\/index.php?rest_route=%2Fwp%2Fv2%2Fproduct_tag&post=17156"}],"curies":[{"name":"wp","href":"https:\/\/api.w.org\/{rel}","templated":true}]}}