{"id":17158,"date":"2025-06-06T06:24:18","date_gmt":"2025-06-06T06:24:18","guid":{"rendered":"https:\/\/indologistics.co\/wishandbuy\/?post_type=product&#038;p=17158"},"modified":"2025-10-03T07:49:15","modified_gmt":"2025-10-03T07:49:15","slug":"jusu-gyvenimo-spalvos-meditacine-ir-transformacine-spalvinimo-knyga","status":"publish","type":"product","link":"https:\/\/wishandbuy.com\/?product=jusu-gyvenimo-spalvos-meditacine-ir-transformacine-spalvinimo-knyga","title":{"rendered":"J\u016aS\u0172 GYVENIMO SPALVOS: meditacin\u0117 ir transformacin\u0117 spalvinimo knyga"},"content":{"rendered":"<p>This\u00a0Colors of Your Life\u00a0coloring book contains 77 mystical drawings of Deva Padma that she created for\u00a0<a href=\"https:\/\/www.knygos.lt\/lt\/knygos\/oso-dzen-taro-trancendentinis-dzen-zaidimas-su-kortomis\/\" target=\"_blank\" rel=\"noopener\">the Osho Zen Tarot<\/a>\u00a0cards. These cards became a bestseller in the tarot world and popularized the drawings in the world of meditation.<\/p>\n<p>By coloring these drawings, you can think about the colors you give to your life &#8211; all aspects of it, not just the light and positive ones that the drawings depict. Courage, Celebration or Creativity. In the same way, we can learn how to find colors for those aspects of our life that we do not value so much &#8211; those represented by the drawings Loneliness, Guilt, Burden, Stress, Follow-up, Sorrow.<\/p>\n<p>When we color all these aspects in our own colors, it enriches our self-awareness and helps us understand who we are. We individualize the aspects that we apply as positive, and we learn to recognize and accept the negative ones as experiences, as expressions that have their place &#8211; in our lives and valuable life lessons.<\/p>\n<p>Osho&#8217;s\u00a0insights &#8211; short passages of text that talk about the topic of each drawing &#8211; help us to understand these aspects in a new way.\u00a0Osho\u00a0reminds us that we come into this world as pure freedom\u2014no identity, just another expression of the universe. Later, we choose our own essence and become who we are. It is only our own choice. We can be saints or sinners, criminals, poets or artists. We bring pure existence into this world as if it were a blank piece of paper or a canvas. What colors we use and what picture we have become of our life depends only on us &#8211; we only bring potential.<\/p>\n","protected":false},"excerpt":{"rendered":"<ul>\n<li>Autorius:\u00a0Osho<\/li>\n<li>Leid\u0117jas:\u00a0Meil\u0117s kelias<\/li>\n<li>Metai:\u00a02019<\/li>\n<li>Puslapiai:\u00a086<\/li>\n<li>ISBN:\u00a09786098054118<\/li>\n<li>Formatas:\u00a023,5 x 23 x 0,5 cm, mink\u0161ti vir\u0161eliai<\/li>\n<li>Kalba:\u00a0Lietuvi\u0173<\/li>\n<\/ul>\n","protected":false},"featured_media":17245,"comment_status":"open","ping_status":"closed","template":"","meta":[],"product_brand":[],"product_cat":[185],"product_tag":[],"class_list":{"0":"post-17158","1":"product","2":"type-product","3":"status-publish","4":"has-post-thumbnail","6":"product_cat-books","8":"first","9":"instock","10":"shipping-taxable","11":"purchasable","12":"product-type-simple"},"_links":{"self":[{"href":"https:\/\/wishandbuy.com\/index.php?rest_route=\/wp\/v2\/product\/17158","targetHints":{"allow":["GET"]}}],"collection":[{"href":"https:\/\/wishandbuy.com\/index.php?rest_route=\/wp\/v2\/product"}],"about":[{"href":"https:\/\/wishandbuy.com\/index.php?rest_route=\/wp\/v2\/types\/product"}],"replies":[{"embeddable":true,"href":"https:\/\/wishandbuy.com\/index.php?rest_route=%2Fwp%2Fv2%2Fcomments&post=17158"}],"version-history":[{"count":1,"href":"https:\/\/wishandbuy.com\/index.php?rest_route=\/wp\/v2\/product\/17158\/revisions"}],"predecessor-version":[{"id":17191,"href":"https:\/\/wishandbuy.com\/index.php?rest_route=\/wp\/v2\/product\/17158\/revisions\/17191"}],"wp:featuredmedia":[{"embeddable":true,"href":"https:\/\/wishandbuy.com\/index.php?rest_route=\/wp\/v2\/media\/17245"}],"wp:attachment":[{"href":"https:\/\/wishandbuy.com\/index.php?rest_route=%2Fwp%2Fv2%2Fmedia&parent=17158"}],"wp:term":[{"taxonomy":"product_brand","embeddable":true,"href":"https:\/\/wishandbuy.com\/index.php?rest_route=%2Fwp%2Fv2%2Fproduct_brand&post=17158"},{"taxonomy":"product_cat","embeddable":true,"href":"https:\/\/wishandbuy.com\/index.php?rest_route=%2Fwp%2Fv2%2Fproduct_cat&post=17158"},{"taxonomy":"product_tag","embeddable":true,"href":"https:\/\/wishandbuy.com\/index.php?rest_route=%2Fwp%2Fv2%2Fproduct_tag&post=17158"}],"curies":[{"name":"wp","href":"https:\/\/api.w.org\/{rel}","templated":true}]}}