{"id":17161,"date":"2025-06-06T06:24:18","date_gmt":"2025-06-06T06:24:18","guid":{"rendered":"https:\/\/indologistics.co\/wishandbuy\/?post_type=product&#038;p=17161"},"modified":"2025-06-06T09:06:02","modified_gmt":"2025-06-06T09:06:02","slug":"kurybiskumas-vidiniu-galiu-islaisvinimas","status":"publish","type":"product","link":"https:\/\/wishandbuy.com\/?product=kurybiskumas-vidiniu-galiu-islaisvinimas","title":{"rendered":"K\u016brybi\u0161kumas. Vidini\u0173 gali\u0173 i\u0161laisvinimas"},"content":{"rendered":"<p>A creative person sees the world differently &#8211; as a place full of wonder, discovery and amazing possibilities. Have you ever thought that creativity is a much broader concept than just drawing or writing poems? Perhaps we can all become creators of our own lives? How to discover your individuality, your path?<\/p>\n<p>The author of this book talks about how important it is to release the creativity of each person, how to express yourself in everyday activities and find satisfaction and self-expression in it. The book contains a number of examples of famous people&#8217;s lives, which provide inspiration to dare to live your life differently &#8211; joyfully and creatively.<\/p>\n<p>In today&#8217;s constantly changing world, creativity is needed by everyone: programmers and traders, mothers raising children and company managers&#8230; And, of course, everyone who does not want to be stuck in frames, stereotypes, but enjoy a playful and joyful flow of life.<\/p>\n","protected":false},"excerpt":{"rendered":"<ul>\n<li>Author:\u00a0Osho<\/li>\n<li>Publisher:\u00a0The Way of Love<\/li>\n<li>Year:\u00a02020<\/li>\n<li>Pages:\u00a0187<\/li>\n<li>ISBN:\u00a09786098054071<\/li>\n<li>Product code:\u00a09786098054033<\/li>\n<li>Format:\u00a014 x 20.9 x 1.2 cm, paperback<\/li>\n<li>Translator:\u00a0Andrius Rondomanskis Tadas Jurevi\u010dius<\/li>\n<\/ul>\n","protected":false},"featured_media":17248,"comment_status":"open","ping_status":"closed","template":"","meta":[],"product_brand":[],"product_cat":[185],"product_tag":[],"class_list":{"0":"post-17161","1":"product","2":"type-product","3":"status-publish","4":"has-post-thumbnail","6":"product_cat-books","8":"first","9":"instock","10":"shipping-taxable","11":"purchasable","12":"product-type-simple"},"_links":{"self":[{"href":"https:\/\/wishandbuy.com\/index.php?rest_route=\/wp\/v2\/product\/17161","targetHints":{"allow":["GET"]}}],"collection":[{"href":"https:\/\/wishandbuy.com\/index.php?rest_route=\/wp\/v2\/product"}],"about":[{"href":"https:\/\/wishandbuy.com\/index.php?rest_route=\/wp\/v2\/types\/product"}],"replies":[{"embeddable":true,"href":"https:\/\/wishandbuy.com\/index.php?rest_route=%2Fwp%2Fv2%2Fcomments&post=17161"}],"version-history":[{"count":1,"href":"https:\/\/wishandbuy.com\/index.php?rest_route=\/wp\/v2\/product\/17161\/revisions"}],"predecessor-version":[{"id":17197,"href":"https:\/\/wishandbuy.com\/index.php?rest_route=\/wp\/v2\/product\/17161\/revisions\/17197"}],"wp:featuredmedia":[{"embeddable":true,"href":"https:\/\/wishandbuy.com\/index.php?rest_route=\/wp\/v2\/media\/17248"}],"wp:attachment":[{"href":"https:\/\/wishandbuy.com\/index.php?rest_route=%2Fwp%2Fv2%2Fmedia&parent=17161"}],"wp:term":[{"taxonomy":"product_brand","embeddable":true,"href":"https:\/\/wishandbuy.com\/index.php?rest_route=%2Fwp%2Fv2%2Fproduct_brand&post=17161"},{"taxonomy":"product_cat","embeddable":true,"href":"https:\/\/wishandbuy.com\/index.php?rest_route=%2Fwp%2Fv2%2Fproduct_cat&post=17161"},{"taxonomy":"product_tag","embeddable":true,"href":"https:\/\/wishandbuy.com\/index.php?rest_route=%2Fwp%2Fv2%2Fproduct_tag&post=17161"}],"curies":[{"name":"wp","href":"https:\/\/api.w.org\/{rel}","templated":true}]}}